{"id":1822,"date":"2017-02-13T15:24:00","date_gmt":"2017-02-13T15:24:00","guid":{"rendered":"http:\/\/www.monika-bidner.at\/art\/?page_id=1822"},"modified":"2017-12-10T13:22:46","modified_gmt":"2017-12-10T13:22:46","slug":"ausstellungen-2017","status":"publish","type":"page","link":"https:\/\/www.monika-bidner.at\/art\/ausstellungen\/ausstellungen-2017\/","title":{"rendered":"Ausstellungen 2017"},"content":{"rendered":"<h1>Ausstellungen 2017<\/h1>\n<hr \/>\n<h2>9. Dezember 2017<\/h2>\n<h2><strong>\u00a0&#8222;Artedition 2018&#8220;<\/strong><\/h2>\n<h3><strong> Kunstbuchpr\u00e4sentation im Casino Innsbruck<br \/>\n<\/strong><\/h3>\n<p>Empfang ab 18:30 Uhr<\/p>\n<p><a href=\"http:\/\/www.artinnovation.at\/buch-artedition-shop\/\">www.artinnovation.at<\/a><\/p>\n<p><a href=\"http:\/\/www.monika-bidner.at\/art\/wp-content\/uploads\/Artedition_A5_Casino.jpg\"><img loading=\"lazy\" decoding=\"async\" class=\"alignnone size-large wp-image-1836\" src=\"http:\/\/www.monika-bidner.at\/art\/wp-content\/uploads\/Artedition_A5_Casino-1024x726.jpg\" alt=\"\" width=\"1024\" height=\"726\" srcset=\"https:\/\/www.monika-bidner.at\/art\/wp-content\/uploads\/Artedition_A5_Casino-1024x726.jpg 1024w, https:\/\/www.monika-bidner.at\/art\/wp-content\/uploads\/Artedition_A5_Casino-300x213.jpg 300w, https:\/\/www.monika-bidner.at\/art\/wp-content\/uploads\/Artedition_A5_Casino-768x545.jpg 768w, https:\/\/www.monika-bidner.at\/art\/wp-content\/uploads\/Artedition_A5_Casino.jpg 1417w\" sizes=\"(max-width: 1024px) 100vw, 1024px\" \/><\/a><\/p>\n<hr \/>\n<h2>5.11. \u2013 3.12. 2017<\/h2>\n<h2><strong>\u00a0\u201eHelfen &amp; Freude\u201c<\/strong><\/h2>\n<p>Kunstausstellung mit Benefizverkauf &#8211; Lions Club Tyrol<br \/>\nFoyer der Hofburg Innsbruck<\/p>\n<h3><strong>Ausstellungser\u00f6ffnung: 4. November 2017 um 19 Uhr<br \/>\n<\/strong><\/h3>\n<p><a href=\"http:\/\/www.monika-bidner.at\/art\/wp-content\/uploads\/Hofburg-2017_Lions-Club-Tyrol-e1509535939612.jpg\"><img loading=\"lazy\" decoding=\"async\" class=\"alignnone wp-image-1832 size-full\" src=\"http:\/\/www.monika-bidner.at\/art\/wp-content\/uploads\/Hofburg-2017_Lions-Club-Tyrol-e1509535939612.jpg\" alt=\"\" width=\"620\" height=\"613\" \/><\/a><\/p>\n<hr \/>\n<h2>7. \u2013 21. M\u00e4rz 2017<\/h2>\n<h2><strong>\u00a0\u201eIn(n)flu\u00df\u201c<\/strong><\/h2>\n<p>Botanischer Garten<br \/>\nSternwartestra\u00dfe 15a, Innsbruck<\/p>\n<h3><strong>Ausstellungser\u00f6ffnung: 7. M\u00e4rz 2017 um 19:30 Uhr<br \/>\n<\/strong><\/h3>\n<p><a href=\"http:\/\/www.monika-bidner.at\/art\/wp-content\/uploads\/innfluss-ausstellung-monika-bidner-innsbruck.jpg\"><img loading=\"lazy\" decoding=\"async\" class=\"alignnone wp-image-1828 size-full\" src=\"http:\/\/www.monika-bidner.at\/art\/wp-content\/uploads\/innfluss-ausstellung-monika-bidner-innsbruck.jpg\" alt=\"innfluss-ausstellung-monika-bidner-innsbruck\" width=\"714\" height=\"493\" srcset=\"https:\/\/www.monika-bidner.at\/art\/wp-content\/uploads\/innfluss-ausstellung-monika-bidner-innsbruck.jpg 714w, https:\/\/www.monika-bidner.at\/art\/wp-content\/uploads\/innfluss-ausstellung-monika-bidner-innsbruck-300x207.jpg 300w\" sizes=\"(max-width: 714px) 100vw, 714px\" \/><\/a><\/p>\n<p>&nbsp;<\/p>\n<p>&nbsp;<\/p>\n","protected":false},"excerpt":{"rendered":"<p>Ausstellungen 2017 9. Dezember 2017 \u00a0&#8222;Artedition 2018&#8220; Kunstbuchpr\u00e4sentation im Casino Innsbruck Empfang ab 18:30 Uhr www.artinnovation.at 5.11. \u2013 3.12. 2017 \u00a0\u201eHelfen &amp; Freude\u201c Kunstausstellung mit Benefizverkauf &#8211; Lions Club Tyrol Foyer der Hofburg Innsbruck Ausstellungser\u00f6ffnung: 4. November 2017 um 19 Uhr 7. \u2013 21. M\u00e4rz 2017 \u00a0\u201eIn(n)flu\u00df\u201c Botanischer Garten Sternwartestra\u00dfe 15a, Innsbruck Ausstellungser\u00f6ffnung: 7. M\u00e4rz [&hellip;]<\/p>\n","protected":false},"author":1,"featured_media":0,"parent":29,"menu_order":0,"comment_status":"closed","ping_status":"closed","template":"","meta":{"footnotes":""},"_links":{"self":[{"href":"https:\/\/www.monika-bidner.at\/art\/wp-json\/wp\/v2\/pages\/1822"}],"collection":[{"href":"https:\/\/www.monika-bidner.at\/art\/wp-json\/wp\/v2\/pages"}],"about":[{"href":"https:\/\/www.monika-bidner.at\/art\/wp-json\/wp\/v2\/types\/page"}],"author":[{"embeddable":true,"href":"https:\/\/www.monika-bidner.at\/art\/wp-json\/wp\/v2\/users\/1"}],"replies":[{"embeddable":true,"href":"https:\/\/www.monika-bidner.at\/art\/wp-json\/wp\/v2\/comments?post=1822"}],"version-history":[{"count":7,"href":"https:\/\/www.monika-bidner.at\/art\/wp-json\/wp\/v2\/pages\/1822\/revisions"}],"predecessor-version":[{"id":1837,"href":"https:\/\/www.monika-bidner.at\/art\/wp-json\/wp\/v2\/pages\/1822\/revisions\/1837"}],"up":[{"embeddable":true,"href":"https:\/\/www.monika-bidner.at\/art\/wp-json\/wp\/v2\/pages\/29"}],"wp:attachment":[{"href":"https:\/\/www.monika-bidner.at\/art\/wp-json\/wp\/v2\/media?parent=1822"}],"curies":[{"name":"wp","href":"https:\/\/api.w.org\/{rel}","templated":true}]}}