{"id":18,"date":"2012-03-20T11:59:49","date_gmt":"2012-03-20T11:59:49","guid":{"rendered":"http:\/\/www.monika-bidner.at\/art\/?page_id=18"},"modified":"2016-02-16T15:13:32","modified_gmt":"2016-02-16T15:13:32","slug":"biographie","status":"publish","type":"page","link":"https:\/\/www.monika-bidner.at\/art\/biographie\/","title":{"rendered":"\u00dcber mich"},"content":{"rendered":"<p><img loading=\"lazy\" decoding=\"async\" class=\"size-full wp-image-554 alignnone\" title=\"monika_bidner_930x400\" src=\"http:\/\/www.monika-bidner.at\/art\/wp-content\/uploads\/monika_bidner_930x400.jpg\" alt=\"\" width=\"930\" height=\"400\" \/><\/p>\n<h1>MONIKA BIDNER<\/h1>\n<div class=\"columns-wrapper\">\n<div class=\"two-columns\">\n<p><strong>geboren 1954 in Innsbruck<\/strong><\/p>\n<ul class=\"bullet_arrow4 imglist\">\n<li>Auf Grund ihrer Kreativit\u00e4t und ihrer vielseitigen k\u00fcnstlerischen Interessen bildete sie sich schon sehr fr\u00fch immer wieder auf verschiedenen Gebieten weiter. Dabei stand f\u00fcr sie das Bearbeiten und Experimentieren mit Materialien stets im Vordergrund.<\/li>\n<li>Schon 1989 bemalte und marmorierte sie Seidenstoffe die dann f\u00fcr Bilder, sakrale T\u00fccher oder auch in der Raumgestaltung ihre Verwendung fanden. Mehrere Jahre gab sie ihr Wissen dar\u00fcber in Kursen weiter.<\/li>\n<li>Bei der kolumbianischen Keramikerin Maria del Pilar Suarez Castillo nahm Monika Bidner von 1992 bis 1997 Unterricht und befasste sich intensiv mit Tonobjekten und Glasuren.<\/li>\n<li>Inspiriert durch einen Malaufenthalt in Italien im Jahr 2009 begann sie sich danach wieder vermehrt mit der Malerei auseinanderzusetzen und entdeckte dabei f\u00fcr sich eine ganz eigene Technik mit der sie nun vorrangig arbeitet.<\/li>\n<li>Mit Struktur-Pasten, Struktur-Gelen und verschiedenen Natur-Materialien wie Holz oder Rinde aber auch Blech, Draht, geschmolzene Glasteile, Seidenstoffe etc. entstehen Bilder in Acryl mit einer einzigartigen Oberfl\u00e4chengestaltung.<\/li>\n<li>2009 stellte Monika Bidner ihre Arbeiten erstmals \u00f6ffentlich aus. Es folgten seither mehrere Gruppen- und Einzelausstellungen im In- und Ausland.<\/li>\n<\/ul>\n<p>&nbsp;<\/p>\n<p><a title=\"Biografie von Monika Bidner\" href=\"http:\/\/www.monika-bidner.at\/art\/wp-content\/uploads\/MB_Biographie_D.pdf\" target=\"_blank\"><img loading=\"lazy\" decoding=\"async\" class=\"alignnone  wp-image-1157\" title=\"Biografie von Monika Bidner\" src=\"http:\/\/www.monika-bidner.at\/art\/wp-content\/uploads\/download-icon_Monika-Bidner.png\" alt=\"\" width=\"19\" height=\"23\" \/><\/a>\u00a0 <a title=\"Biografie von Monika Bidner\" href=\"http:\/\/www.monika-bidner.at\/art\/wp-content\/uploads\/MB_Biographie_D_2016.pdf\" target=\"_blank\">\u00bb Biografie von Monika Bidner downloaden<\/a><\/p>\n<\/div>\n<div class=\"two-columns nomargin\">\n<h3><img loading=\"lazy\" decoding=\"async\" class=\"alignleft\" src=\"http:\/\/www.monika-bidner.at\/art\/wp-content\/uploads\/flagge_englisch-e1358933227924.png\" alt=\"\" width=\"40\" height=\"25\" \/><\/h3>\n<h3><em>About Monika Bidner<br \/>\n<\/em><\/h3>\n<p><strong><em>born 1954 in Innsbruck\/Austria<\/em><\/strong><\/p>\n<ul class=\"bullet_arrow4 imglist\">\n<li><em>Given her creativity and her broad range of artistic interests, she has been studying various different fields of art from an early age, always focusing on processing and experimenting with different materials.<\/em><\/li>\n<li><em>In 1989, she painted and marbled silk fabrics which were then used to produce images and sacred cloths as well as being applied in interior design. She shared this knowledge with others for many years through various courses.<\/em><\/li>\n<li><em>From 1992 to 1997, Monika Bidner took lessons with the Columbian ceramics artist Mar\u00eda del Pilar Su\u00e1rez Castillo and began to focus intensively on clay objects and glazing. <\/em><\/li>\n<li><em>Inspired by a painting trip to Italy in 2009, she began to turn increasingly to painting and discovered her own unique technique which she primarily uses in her works today.<\/em><\/li>\n<li><em>Acrylic images are created with a unique surface design using structural pastes and gels and various natural materials such as wood, bark, metal, wire, melted glass, silk fabrics, etc.<\/em><\/li>\n<li><em>In 2009, Monika Bidner exhibited her works in public for the first time. <\/em><em>This was followed by several group and individual exhibitions both in Austria and abroad.<\/em><\/li>\n<\/ul>\n<p>&nbsp;<\/p>\n<p><a title=\"Biography of Monika Bidner\" href=\"http:\/\/www.monika-bidner.at\/art\/wp-content\/uploads\/MB_Biographie_E.pdf\" target=\"_blank\"><img loading=\"lazy\" decoding=\"async\" class=\"wp-image-1157 alignnone\" title=\"Biography of Monika Bidner\" src=\"http:\/\/www.monika-bidner.at\/art\/wp-content\/uploads\/download-icon_Monika-Bidner.png\" alt=\"\" width=\"19\" height=\"23\" \/><\/a>\u00a0\u00a0 <a title=\"Biography of Monika Bidner\" href=\"http:\/\/www.monika-bidner.at\/art\/wp-content\/uploads\/MB_Biographie_E_2016.pdf\" target=\"_blank\">\u00bb Download the biography of Monika Bidner<\/a><\/p>\n<\/div>\n<\/div>\n","protected":false},"excerpt":{"rendered":"<p>MONIKA BIDNER geboren 1954 in Innsbruck Auf Grund ihrer Kreativit\u00e4t und ihrer vielseitigen k\u00fcnstlerischen Interessen bildete sie sich schon sehr fr\u00fch immer wieder auf verschiedenen Gebieten weiter. Dabei stand f\u00fcr sie das Bearbeiten und Experimentieren mit Materialien stets im Vordergrund. Schon 1989 bemalte und marmorierte sie Seidenstoffe die dann f\u00fcr Bilder, sakrale T\u00fccher oder auch [&hellip;]<\/p>\n","protected":false},"author":1,"featured_media":0,"parent":0,"menu_order":0,"comment_status":"open","ping_status":"open","template":"","meta":{"footnotes":""},"_links":{"self":[{"href":"https:\/\/www.monika-bidner.at\/art\/wp-json\/wp\/v2\/pages\/18"}],"collection":[{"href":"https:\/\/www.monika-bidner.at\/art\/wp-json\/wp\/v2\/pages"}],"about":[{"href":"https:\/\/www.monika-bidner.at\/art\/wp-json\/wp\/v2\/types\/page"}],"author":[{"embeddable":true,"href":"https:\/\/www.monika-bidner.at\/art\/wp-json\/wp\/v2\/users\/1"}],"replies":[{"embeddable":true,"href":"https:\/\/www.monika-bidner.at\/art\/wp-json\/wp\/v2\/comments?post=18"}],"version-history":[{"count":35,"href":"https:\/\/www.monika-bidner.at\/art\/wp-json\/wp\/v2\/pages\/18\/revisions"}],"predecessor-version":[{"id":1789,"href":"https:\/\/www.monika-bidner.at\/art\/wp-json\/wp\/v2\/pages\/18\/revisions\/1789"}],"wp:attachment":[{"href":"https:\/\/www.monika-bidner.at\/art\/wp-json\/wp\/v2\/media?parent=18"}],"curies":[{"name":"wp","href":"https:\/\/api.w.org\/{rel}","templated":true}]}}