{"id":113,"date":"2012-03-28T13:00:23","date_gmt":"2012-03-28T13:00:23","guid":{"rendered":"http:\/\/www.monika-bidner.at\/art\/?page_id=113"},"modified":"2024-07-16T09:31:59","modified_gmt":"2024-07-16T09:31:59","slug":"links","status":"publish","type":"page","link":"https:\/\/www.monika-bidner.at\/art\/links\/","title":{"rendered":"Links"},"content":{"rendered":"<h1>Links<\/h1>\n<div class=\"columns-wrapper\">\n<div class=\"four-columns\">\n<p><a title=\"ART Innsbruck\" href=\"http:\/\/www.art-innsbruck.at\" target=\"_blank\" rel=\"noopener\"><img loading=\"lazy\" decoding=\"async\" class=\"alignnone size-full wp-image-503\" title=\"art-ibk-logo2\" src=\"http:\/\/www.monika-bidner.at\/art\/wp-content\/uploads\/art-ibk-logo21.png\" alt=\"\" width=\"150\" height=\"150\" \/><\/a><\/p>\n<p>ART Innsbruck<br \/>\nInternationale Messe<br \/>\nf\u00fcr zeitgen\u00f6ssische Kunst<br \/>\n<a href=\"http:\/\/www.artfair-innsbruck.com\">ARTfair Innsbruck | Internationale Kunstmesse (artfair-innsbruck.com)<\/a><\/p>\n<\/div>\n<div class=\"four-columns nomargin\">\n<p><a title=\"designworks | Agentur f\u00fcr Grafik &amp; Design\" href=\"http:\/\/www.design-works.at\" target=\"_blank\" rel=\"noopener\"><img loading=\"lazy\" decoding=\"async\" class=\"size-thumbnail wp-image-1174 alignnone\" title=\"designworks\" src=\"http:\/\/www.monika-bidner.at\/art\/wp-content\/uploads\/designworks-150x150.png\" alt=\"\" width=\"150\" height=\"150\" srcset=\"https:\/\/www.monika-bidner.at\/art\/wp-content\/uploads\/designworks-150x150.png 150w, https:\/\/www.monika-bidner.at\/art\/wp-content\/uploads\/designworks-300x300.png 300w, https:\/\/www.monika-bidner.at\/art\/wp-content\/uploads\/designworks.png 874w\" sizes=\"(max-width: 150px) 100vw, 150px\" \/><\/a><\/p>\n<p>designworks<br \/>\nAgentur f\u00fcr Grafik &amp; Design<br \/>\nKatja Haas<br \/>\n<a title=\"Agentur f\u00fcr Grafik &amp; Design | designworks &amp; communications\" href=\"http:\/\/www.design-works.at\" target=\"_blank\" rel=\"noopener\">www.design-works.at<\/a><\/p>\n<\/div>\n<\/div>\n<hr \/>\n","protected":false},"excerpt":{"rendered":"<p>Links ART Innsbruck Internationale Messe f\u00fcr zeitgen\u00f6ssische Kunst ARTfair Innsbruck | Internationale Kunstmesse (artfair-innsbruck.com) designworks Agentur f\u00fcr Grafik &amp; Design Katja Haas www.design-works.at<\/p>\n","protected":false},"author":1,"featured_media":0,"parent":0,"menu_order":0,"comment_status":"open","ping_status":"open","template":"","meta":{"footnotes":""},"_links":{"self":[{"href":"https:\/\/www.monika-bidner.at\/art\/wp-json\/wp\/v2\/pages\/113"}],"collection":[{"href":"https:\/\/www.monika-bidner.at\/art\/wp-json\/wp\/v2\/pages"}],"about":[{"href":"https:\/\/www.monika-bidner.at\/art\/wp-json\/wp\/v2\/types\/page"}],"author":[{"embeddable":true,"href":"https:\/\/www.monika-bidner.at\/art\/wp-json\/wp\/v2\/users\/1"}],"replies":[{"embeddable":true,"href":"https:\/\/www.monika-bidner.at\/art\/wp-json\/wp\/v2\/comments?post=113"}],"version-history":[{"count":79,"href":"https:\/\/www.monika-bidner.at\/art\/wp-json\/wp\/v2\/pages\/113\/revisions"}],"predecessor-version":[{"id":1891,"href":"https:\/\/www.monika-bidner.at\/art\/wp-json\/wp\/v2\/pages\/113\/revisions\/1891"}],"wp:attachment":[{"href":"https:\/\/www.monika-bidner.at\/art\/wp-json\/wp\/v2\/media?parent=113"}],"curies":[{"name":"wp","href":"https:\/\/api.w.org\/{rel}","templated":true}]}}