{"id":1090,"date":"2013-01-23T10:23:32","date_gmt":"2013-01-23T10:23:32","guid":{"rendered":"http:\/\/www.monika-bidner.at\/art\/?page_id=1090"},"modified":"2013-01-23T15:36:52","modified_gmt":"2013-01-23T15:36:52","slug":"technik","status":"publish","type":"page","link":"https:\/\/www.monika-bidner.at\/art\/technik\/","title":{"rendered":"Arbeitstechnik"},"content":{"rendered":"<h1>BESCHREIBUNG MEINER ARBEITSTECHNIK<\/h1>\n\n\t\t<style type=\"text\/css\">\n\t\t\t#gallery-1 {\n\t\t\t\tmargin: auto;\n\t\t\t}\n\t\t\t#gallery-1 .gallery-item {\n\t\t\t\tfloat: left;\n\t\t\t\tmargin-top: 10px;\n\t\t\t\ttext-align: center;\n\t\t\t\twidth: 20%;\n\t\t\t}\n\t\t\t#gallery-1 img {\n\t\t\t\tborder: 2px solid #cfcfcf;\n\t\t\t}\n\t\t\t#gallery-1 .gallery-caption {\n\t\t\t\tmargin-left: 0;\n\t\t\t}\n\t\t\t\/* see gallery_shortcode() in wp-includes\/media.php *\/\n\t\t<\/style>\n\t\t<div id='gallery-1' class='gallery galleryid-1090 gallery-columns-5 gallery-size-thumbnail'><dl class='gallery-item'>\n\t\t\t<dt class='gallery-icon portrait'>\n\t\t\t\t<a title=\"Holzfundstu\u0308ck, Sisalschnu\u0308re\" href='https:\/\/www.monika-bidner.at\/art\/wp-content\/uploads\/IMG_11441.jpg'><img loading=\"lazy\" decoding=\"async\" width=\"150\" height=\"150\" src=\"https:\/\/www.monika-bidner.at\/art\/wp-content\/uploads\/IMG_11441-150x150.jpg\" class=\"attachment-thumbnail size-thumbnail\" alt=\"\" \/><\/a>\n\t\t\t<\/dt><\/dl><dl class='gallery-item'>\n\t\t\t<dt class='gallery-icon portrait'>\n\t\t\t\t<a title=\"Holzfundstu\u0308ck\" href='https:\/\/www.monika-bidner.at\/art\/wp-content\/uploads\/IMG_11451.jpg'><img loading=\"lazy\" decoding=\"async\" width=\"150\" height=\"150\" src=\"https:\/\/www.monika-bidner.at\/art\/wp-content\/uploads\/IMG_11451-150x150.jpg\" class=\"attachment-thumbnail size-thumbnail\" alt=\"\" \/><\/a>\n\t\t\t<\/dt><\/dl><dl class='gallery-item'>\n\t\t\t<dt class='gallery-icon portrait'>\n\t\t\t\t<a title=\"Blech, Jute, Craquel\u00e8\" href='https:\/\/www.monika-bidner.at\/art\/wp-content\/uploads\/IMG_11601.jpg'><img loading=\"lazy\" decoding=\"async\" width=\"150\" height=\"150\" src=\"https:\/\/www.monika-bidner.at\/art\/wp-content\/uploads\/IMG_11601-150x150.jpg\" class=\"attachment-thumbnail size-thumbnail\" alt=\"\" \/><\/a>\n\t\t\t<\/dt><\/dl><dl class='gallery-item'>\n\t\t\t<dt class='gallery-icon portrait'>\n\t\t\t\t<a title=\"Blech, Draht\" href='https:\/\/www.monika-bidner.at\/art\/wp-content\/uploads\/IMG_11761.jpg'><img loading=\"lazy\" decoding=\"async\" width=\"150\" height=\"150\" src=\"https:\/\/www.monika-bidner.at\/art\/wp-content\/uploads\/IMG_11761-150x150.jpg\" class=\"attachment-thumbnail size-thumbnail\" alt=\"\" \/><\/a>\n\t\t\t<\/dt><\/dl><dl class='gallery-item'>\n\t\t\t<dt class='gallery-icon portrait'>\n\t\t\t\t<a title=\"Holzfundstu\u0308ck\" href='https:\/\/www.monika-bidner.at\/art\/wp-content\/uploads\/IMG_11771.jpg'><img loading=\"lazy\" decoding=\"async\" width=\"150\" height=\"150\" src=\"https:\/\/www.monika-bidner.at\/art\/wp-content\/uploads\/IMG_11771-150x150.jpg\" class=\"attachment-thumbnail size-thumbnail\" alt=\"\" \/><\/a>\n\t\t\t<\/dt><\/dl><br style=\"clear: both\" \/><dl class='gallery-item'>\n\t\t\t<dt class='gallery-icon landscape'>\n\t\t\t\t<a title=\"geschmolzene Glasteile, Rinde\" href='https:\/\/www.monika-bidner.at\/art\/wp-content\/uploads\/IMG_11981.jpg'><img loading=\"lazy\" decoding=\"async\" width=\"150\" height=\"150\" src=\"https:\/\/www.monika-bidner.at\/art\/wp-content\/uploads\/IMG_11981-150x150.jpg\" class=\"attachment-thumbnail size-thumbnail\" alt=\"\" \/><\/a>\n\t\t\t<\/dt><\/dl><dl class='gallery-item'>\n\t\t\t<dt class='gallery-icon portrait'>\n\t\t\t\t<a title=\"Strukturpasten\" href='https:\/\/www.monika-bidner.at\/art\/wp-content\/uploads\/IMG_12041.jpg'><img loading=\"lazy\" decoding=\"async\" width=\"150\" height=\"150\" src=\"https:\/\/www.monika-bidner.at\/art\/wp-content\/uploads\/IMG_12041-150x150.jpg\" class=\"attachment-thumbnail size-thumbnail\" alt=\"\" \/><\/a>\n\t\t\t<\/dt><\/dl><dl class='gallery-item'>\n\t\t\t<dt class='gallery-icon portrait'>\n\t\t\t\t<a title=\"geschmolzenes Glasteil\" href='https:\/\/www.monika-bidner.at\/art\/wp-content\/uploads\/IMG_12091.jpg'><img loading=\"lazy\" decoding=\"async\" width=\"150\" height=\"150\" src=\"https:\/\/www.monika-bidner.at\/art\/wp-content\/uploads\/IMG_12091-150x150.jpg\" class=\"attachment-thumbnail size-thumbnail\" alt=\"\" \/><\/a>\n\t\t\t<\/dt><\/dl><dl class='gallery-item'>\n\t\t\t<dt class='gallery-icon portrait'>\n\t\t\t\t<a title=\"gebrannter Ton\" href='https:\/\/www.monika-bidner.at\/art\/wp-content\/uploads\/IMG_12181.jpg'><img loading=\"lazy\" decoding=\"async\" width=\"150\" height=\"150\" src=\"https:\/\/www.monika-bidner.at\/art\/wp-content\/uploads\/IMG_12181-150x150.jpg\" class=\"attachment-thumbnail size-thumbnail\" alt=\"\" \/><\/a>\n\t\t\t<\/dt><\/dl><dl class='gallery-item'>\n\t\t\t<dt class='gallery-icon landscape'>\n\t\t\t\t<a title=\"Styropor, Stoff\" href='https:\/\/www.monika-bidner.at\/art\/wp-content\/uploads\/BILD0009.jpg'><img loading=\"lazy\" decoding=\"async\" width=\"150\" height=\"150\" src=\"https:\/\/www.monika-bidner.at\/art\/wp-content\/uploads\/BILD0009-150x150.jpg\" class=\"attachment-thumbnail size-thumbnail\" alt=\"\" \/><\/a>\n\t\t\t<\/dt><\/dl><br style=\"clear: both\" \/>\n\t\t<\/div>\n\n<div class=\"columns-wrapper\">\n<div class=\"two-columns\">\n<ul class=\"bullet_arrow4 imglist\">\n<li>Die Kreation von Bildern mit Strukturen und die Verwendung von verschiedensten Materialien bieten eine Vielfalt von M\u00f6glichkeiten der Formgebung und Oberfl\u00e4chengestaltung sowie auch deren Interpretation.<\/li>\n<li>Ich arbeite vorrangig auf Holz oder Hartfaserplatten und wenn es die Technik zul\u00e4sst auch auf Leinwand. Dabei verwende ich mit Vorliebe meine eigenen H\u00e4nde oder Spachteln anstatt Pinsel.<\/li>\n<li>Der Aufbau von mehreren Schichten mit Strukturpasten sowie die Einarbeitung von vorwiegend Materialien aus der Natur wie Holz, Rinde, S\u00e4gesp\u00e4ne, Sand und dergleichen, aber auch Seidenstoffe, geschmolzene Glasteile, Styropor oder Teile eines Blechs etc. haben seinen besonderen Reiz. So kann ich etwas entstehen lassen dessen Endversion ich vorher nicht kenne.<\/li>\n<li>Es sind somit auch keine unmittelbar zug\u00e4nglichen Bildl\u00f6sungen sondern hinterlassene Zeichen und Formen, sowie Spuren, die auf eine nicht sichtbare Realit\u00e4t hinweisen und somit dem Betrachter viel Freiraum geben.<\/li>\n<li>Jeder ist eingeladen sich beim Betrachten sein eigenes Bild zu machen und seiner Fantasie freien Lauf zu lassen.<\/li>\n<\/ul>\n<p>&nbsp;<\/p>\n<p><a title=\"Beschreibung der Arbeitstechnik\" href=\"http:\/\/www.monika-bidner.at\/art\/wp-content\/uploads\/MB_Arbeitstechnik_D.pdf\" target=\"_blank\"><img loading=\"lazy\" decoding=\"async\" class=\"alignleft  wp-image-1157\" title=\"download-icon_Monika Bidner\" src=\"http:\/\/www.monika-bidner.at\/art\/wp-content\/uploads\/download-icon_Monika-Bidner.png\" alt=\"\" width=\"19\" height=\"23\" \/><\/a>\u00a0 <a title=\"Beschreibung der Arbeitstechnik\" href=\"http:\/\/www.monika-bidner.at\/art\/wp-content\/uploads\/MB_Arbeitstechnik_D.pdf\" target=\"_blank\">\u00bb Beschreibung meiner Arbeitstechnik downloaden<\/a><\/p>\n<\/div>\n<div class=\"two-columns nomargin\">\n<h3><img loading=\"lazy\" decoding=\"async\" class=\"alignleft\" src=\"http:\/\/www.monika-bidner.at\/art\/wp-content\/uploads\/flagge_englisch-e1358933227924.png\" alt=\"\" width=\"40\" height=\"25\" \/><\/h3>\n<h3><em>Description of my work technique<\/em><\/h3>\n<ul class=\"bullet_arrow4 imglist\">\n<li><em>The creation of images using structures and the application of various materials offer a wide range of options for devising and interpreting forms and surface designs.<\/em><\/li>\n<li><em>I predominantly work with wood and hardboard or canvas, if the technique allows.<\/em><br \/>\n<em> I prefer to use my hands or spatulas instead of paint brushes.<\/em><\/li>\n<li><em>Building up several structures using structural pastes and predominantly incorporating materials from nature such as wood, bark, wood shavings, sand and such, as well as silks, melted glass and metal parts, has its own particular charm. This allows me to create a final version which I could not have envisaged at the start.<\/em><\/li>\n<li><em>There are no directly accessible image solutions; instead there are signs, forms and traces which are left behind which are indicative of an invisible reality and thereby provide the observer with plenty of scope.<\/em><\/li>\n<li><em>Everyone is invited to devise their own image and let their imagination run wild as they observe.<\/em><\/li>\n<\/ul>\n<p>&nbsp;<\/p>\n<p><a title=\"Description of work technique\" href=\"http:\/\/www.monika-bidner.at\/art\/wp-content\/uploads\/MB_Arbeitstechnik_E.pdf\" target=\"_blank\"><img loading=\"lazy\" decoding=\"async\" class=\"alignleft  wp-image-1157\" title=\"download-icon_Monika Bidner\" src=\"http:\/\/www.monika-bidner.at\/art\/wp-content\/uploads\/download-icon_Monika-Bidner.png\" alt=\"\" width=\"19\" height=\"23\" \/><\/a>\u00a0 <a title=\"Description of work technique\" href=\"http:\/\/www.monika-bidner.at\/art\/wp-content\/uploads\/MB_Arbeitstechnik_E.pdf\" target=\"_blank\">\u00bb Download description of my work technique<\/a><\/p>\n<\/div>\n<\/div>\n","protected":false},"excerpt":{"rendered":"<p>BESCHREIBUNG MEINER ARBEITSTECHNIK Die Kreation von Bildern mit Strukturen und die Verwendung von verschiedensten Materialien bieten eine Vielfalt von M\u00f6glichkeiten der Formgebung und Oberfl\u00e4chengestaltung sowie auch deren Interpretation. Ich arbeite vorrangig auf Holz oder Hartfaserplatten und wenn es die Technik zul\u00e4sst auch auf Leinwand. Dabei verwende ich mit Vorliebe meine eigenen H\u00e4nde oder Spachteln anstatt [&hellip;]<\/p>\n","protected":false},"author":1,"featured_media":0,"parent":0,"menu_order":0,"comment_status":"closed","ping_status":"closed","template":"","meta":{"footnotes":""},"_links":{"self":[{"href":"https:\/\/www.monika-bidner.at\/art\/wp-json\/wp\/v2\/pages\/1090"}],"collection":[{"href":"https:\/\/www.monika-bidner.at\/art\/wp-json\/wp\/v2\/pages"}],"about":[{"href":"https:\/\/www.monika-bidner.at\/art\/wp-json\/wp\/v2\/types\/page"}],"author":[{"embeddable":true,"href":"https:\/\/www.monika-bidner.at\/art\/wp-json\/wp\/v2\/users\/1"}],"replies":[{"embeddable":true,"href":"https:\/\/www.monika-bidner.at\/art\/wp-json\/wp\/v2\/comments?post=1090"}],"version-history":[{"count":51,"href":"https:\/\/www.monika-bidner.at\/art\/wp-json\/wp\/v2\/pages\/1090\/revisions"}],"predecessor-version":[{"id":1177,"href":"https:\/\/www.monika-bidner.at\/art\/wp-json\/wp\/v2\/pages\/1090\/revisions\/1177"}],"wp:attachment":[{"href":"https:\/\/www.monika-bidner.at\/art\/wp-json\/wp\/v2\/media?parent=1090"}],"curies":[{"name":"wp","href":"https:\/\/api.w.org\/{rel}","templated":true}]}}